{"id":19,"date":"2017-06-19T13:35:54","date_gmt":"2017-06-19T13:35:54","guid":{"rendered":"http:\/\/home.gestionaenergia.cl\/?page_id=19"},"modified":"2020-10-28T15:48:40","modified_gmt":"2020-10-28T15:48:40","slug":"preguntas-frecuentes","status":"publish","type":"page","link":"https:\/\/sectorpublico.gestionaenergia.cl\/?page_id=19","title":{"rendered":"Preguntas Frecuentes"},"content":{"rendered":"<h4 style=\"color: #0f69b4;\">1. \u00bfC\u00f3mo puedo inscribirme a Conducci\u00f3n Eficiente?<\/h4>\n<p>Las inscripciones para los cursos 2016 ya completaron los cupos disponibles. Realizaremos nuevamente este programa el 2017 y por eso habilitamos el formulario de los rezagados, para contactarlos prioritariamente cuando abramos la convocatoria 2017.<br \/>\n<a href=\"https:\/\/goo.gl\/forms\/D14ktddVazzh4TDi2\" target=\"_blank\" rel=\"noopener noreferrer\">https:\/\/goo.gl\/forms\/D14ktddVazzh4TDi2<\/a><\/p>\n<h4 style=\"color: #0f69b4;\">2. \u00bfEl gestor energ\u00e9tico de edificios puede estar a cargo de m\u00e1s de un edificio?<\/h4>\n<p>El gestor energ\u00e9tico de edificios puede estar encargado de m\u00e1s de un edificio\/instalaci\u00f3n, por ello es posible la existencia de un gestor a nivel provincial o regional. Sin perjuicio de lo anterior, cada edificio debe tener asignado un gestor energ\u00e9tico de edificios.<\/p>\n<h4 style=\"color: #0f69b4;\">3. \u00bfLos edificios del servicio deben reportar sus consumos en conjunto o por separado?<\/h4>\n<p>El consumo energ\u00e9tico se debe reportar por cada edificio o instalaci\u00f3n, entendi\u00e9ndose por edificio todo inmueble utilizado por el servicio, ya sean oficinas, escuelas u hospitales. Se excluyen bodegas, estacionamientos y superficies no construidas.<\/p>\n<h4 style=\"color: #0f69b4;\">4. \u00bfPuede existir m\u00e1s de un gestor energ\u00e9tico de edificio por edificio?<\/h4>\n<p>Cada servicio puede capacitar a m\u00e1s de un gestor para realizar correctamente el reporte de consumos e implementar medidas de eficiencia energ\u00e9tica, pero s\u00f3lo debe ingresar un gestor energ\u00e9tico por edificio en la plataforma de Gestiona Energ\u00eda.<\/p>\n<h4 style=\"color: #0f69b4;\">5. \u00bfDe qu\u00e9 forma se responde al Of. Circ. N\u00b04?<\/h4>\n<p>El proceso consta de dos grandes etapas:<\/p>\n<ul>\n<li>Para ser un Gestor Energ\u00e9tico debe ingresar en el banner \u201c\u00a1Capac\u00edtate aqu\u00ed!\u201d, llenar sus datos, realizar el curso \u201cGestor Energ\u00e9tico en el Sector P\u00fablico\u201d y aprobar un examen que certificar\u00e1 sus conocimientos. <a href=\"http:\/\/aula.gestionaenergia.cl\/login\/index.php\" target=\"_blank\" rel=\"noopener noreferrer\">aula.gestionaenergia.cl<\/a><\/li>\n<li>Para registrarse como Gestor de un Edificio o Servicio debe pinchar en \u201cREGISTRATE\u201d, completar sus datos personales (Paso 1) y posteriormente Seleccionar o registrar su Edificio\/Instalaci\u00f3n (Paso 2). <a href=\"http:\/\/www.gestionaenergia.cl\/registro\" target=\"_blank\" rel=\"noopener noreferrer\">www.gestionaenergia.cl\/registro<\/a><\/li>\n<\/ul>\n<p>Nota: Dentro de su servicio s\u00f3lo debe existir un gestor de servicio que coordine a todos sus gestores de edificios.<\/p>\n<h4 style=\"color: #0f69b4;\">6. No puedo ingresar con mi USUARIO y CLAVE<\/h4>\n<p>Si usted ha sido registrado exitosamente en el sistema Gestiona Energ\u00eda, le llegar\u00e1 un mail validando su inscripci\u00f3n. Moment\u00e1neamente no podr\u00e1 ingresar sus compras de electricidad, gas y combustibles en la plataforma, es por ello que lo contactaremos en cuanto comience el proceso. Recordamos que independiente de lo anteriormente planteado, para ser un Gestor Energ\u00e9tico se debe dar clic en el banner \u201c\u00a1Capac\u00edtate aqu\u00ed!\u201d, llenar sus datos, realizar el curso \u201cGestor Energ\u00e9tico en el Sector P\u00fablico\u201d y aprobar un examen que certificar\u00e1 sus conocimientos. <a href=\"http:\/\/aula.gestionaenergia.cl\/login\/index.php\" target=\"_blank\" rel=\"noopener noreferrer\">aula.gestionaenergia.cl <\/a><\/p>\n<h4 style=\"color: #0f69b4;\">7. Me aparece error al inscribir mi usuario (ADJUNTAR FORMULARIO)<\/h4>\n<p>En caso que presente error al registrar el Gestor de Servicio\/Edificio, debe responder el formulario adjunto y enviarlo a <a href=\"mailto:gestionaenergia@minenergia.cl\" target=\"_blank\" rel=\"noopener noreferrer\">gestionaenergia@minenergia.cl<\/a> Recordamos que independiente de lo anteriormente planteado, para ser un Gestor Energ\u00e9tico se debe ingresar en el banner \u201c\u00a1Capac\u00edtate aqu\u00ed!\u201d, llenar sus datos, realizar el curso \u201cGestor Energ\u00e9tico en el Sector P\u00fablico\u201d y aprobar un examen que certificar\u00e1 sus conocimientos.<br \/>\n<a href=\"http:\/\/aula.gestionaenergia.cl\/login\/index.php\" target=\"_blank\" rel=\"noopener noreferrer\">aula.gestionaenergia.cl<\/a><\/p>\n","protected":false},"excerpt":{"rendered":"<p>1. \u00bfC\u00f3mo puedo inscribirme a Conducci\u00f3n Eficiente? Las inscripciones para los cursos 2016 ya completaron los cupos disponibles. Realizaremos nuevamente este programa el 2017 y por eso habilitamos el formulario de los rezagados, para contactarlos prioritariamente cuando abramos la convocatoria 2017. https:\/\/goo.gl\/forms\/D14ktddVazzh4TDi2 2. \u00bfEl gestor energ\u00e9tico de edificios puede estar a cargo de m\u00e1s de [&hellip;]<\/p>\n","protected":false},"author":12,"featured_media":0,"parent":0,"menu_order":0,"comment_status":"closed","ping_status":"closed","template":"","meta":{"footnotes":""},"class_list":["post-19","page","type-page","status-publish","hentry"],"_links":{"self":[{"href":"https:\/\/sectorpublico.gestionaenergia.cl\/index.php?rest_route=\/wp\/v2\/pages\/19"}],"collection":[{"href":"https:\/\/sectorpublico.gestionaenergia.cl\/index.php?rest_route=\/wp\/v2\/pages"}],"about":[{"href":"https:\/\/sectorpublico.gestionaenergia.cl\/index.php?rest_route=\/wp\/v2\/types\/page"}],"author":[{"embeddable":true,"href":"https:\/\/sectorpublico.gestionaenergia.cl\/index.php?rest_route=\/wp\/v2\/users\/12"}],"replies":[{"embeddable":true,"href":"https:\/\/sectorpublico.gestionaenergia.cl\/index.php?rest_route=%2Fwp%2Fv2%2Fcomments&post=19"}],"version-history":[{"count":6,"href":"https:\/\/sectorpublico.gestionaenergia.cl\/index.php?rest_route=\/wp\/v2\/pages\/19\/revisions"}],"predecessor-version":[{"id":6597,"href":"https:\/\/sectorpublico.gestionaenergia.cl\/index.php?rest_route=\/wp\/v2\/pages\/19\/revisions\/6597"}],"wp:attachment":[{"href":"https:\/\/sectorpublico.gestionaenergia.cl\/index.php?rest_route=%2Fwp%2Fv2%2Fmedia&parent=19"}],"curies":[{"name":"wp","href":"https:\/\/api.w.org\/{rel}","templated":true}]}}