{"id":6818,"date":"2022-09-13T20:30:21","date_gmt":"2022-09-13T20:30:21","guid":{"rendered":"https:\/\/sectorpublico.gestionaenergia.cl\/?page_id=6818"},"modified":"2026-03-03T22:45:22","modified_gmt":"2026-03-03T22:45:22","slug":"ley-21-305-sobre-eficiencia-energetica","status":"publish","type":"page","link":"https:\/\/sectorpublico.gestionaenergia.cl\/?page_id=6818","title":{"rendered":"Ley 21.305 sobre Eficiencia Energ\u00e9tica"},"content":{"rendered":"<style>\n<p>.p{<\/p>\n<p>text-align: justify; text-justify: inter-word;<\/p>\n<p>}<\/p>\n<p>.ul{<\/p>\n<p>text-align: justify; text-justify: inter-word !important;<\/p>\n<p>}<br \/>\nol.d {<br \/>\n  list-style-type: lower-alpha;<br \/>\n}<br \/>\nli.list-group-item {<br \/>\n    font-size: 14px;<br \/>\n}<\/p>\n<\/style>\n<div class=\"leyParteUno\">\n<div class=\"container-fluid\">\n<div class=\"row\">\n<div class=\"col-md-12\">\n<div id=\"accordion\" class=\"panel-group\">\n<div class=\"panel panel-default\">\n<div class=\"panel-heading\">\n<h4 class=\"panel-title\"><strong><a href=\"#collapse1\" data-parent=\"#accordion\" data-toggle=\"collapse\">1. Acerca de la Ley 21.305 sobre Eficiencia Energ\u00e9tica <\/a><\/strong><\/h4>\n<div id=\"collapse1\" class=\"panel-collapse collapse\">\n<div class=\"panel-body\">\n<div class=\"container-fluid\">\n<div class=\"row\">\n<div class=\"col-md-12\">\n<p>El d\u00eda 13 de febrero de 2021 se public\u00f3 en el diario oficial la <a href=\"https:\/\/www.bcn.cl\/leychile\/navegar?idNorma=1155887\"><strong>Ley N\u00b0 21.305 sobre Eficiencia Energ\u00e9tica<\/strong><\/a>, para la\u00a0 aplicaci\u00f3n de medidas de eficiencia energ\u00e9tica que corresponde a una pol\u00edtica p\u00fablica de gran relevancia para nuestro pa\u00eds, dados los m\u00faltiples beneficios que \u00e9sta brinda a la ciudadan\u00eda: permite reducir el gasto energ\u00e9tico de las familias, disminuir la emisi\u00f3n de contaminantes globales y locales, reducir la dependencia energ\u00e9tica de mercados internacionales, acotar el uso del territorio en infraestructura energ\u00e9tica, aumentar la productividad del pa\u00eds a trav\u00e9s de la reducci\u00f3n de los costos de producci\u00f3n asociados al consumo de energ\u00eda, lo que tambi\u00e9n se traduce en un aumento de la seguridad energ\u00e9tica nacional.<\/p>\n<p>La eficiencia energ\u00e9tica es clave para un desarrollo sostenible, ya que considera aspectos sociales, medioambientales y econ\u00f3micos. Se proyecta que para alcanzar el objetivo de carbono-neutralidad al a\u00f1o 2050, la eficiencia energ\u00e9tica puede contribuir con cerca del 50% en la reducci\u00f3n de emisiones.<\/p>\n<p>El consumo de energ\u00eda en nuestro pa\u00eds se divide principalmente en tres sectores: Industria y Miner\u00eda; Transporte; y el sector Residencial, Comercial y <strong>P\u00fablico<\/strong>. Es por esta raz\u00f3n, que el proyecto de ley de eficiencia energ\u00e9tica aborda estos tres sectores, de modo que todos ellos avancen en la implantaci\u00f3n de medidas que fomenten el buen uso de la energ\u00eda.<\/p>\n<p>En definitiva, el proyecto de ley tiene por objetivo el uso racional y eficiente de los recursos energ\u00e9ticos, fomentando mejoras en la productividad y competitividad, mejorando la calidad de vida y contribuyendo al desarrollo sostenible del pa\u00eds.<\/p>\n<p>A continuaci\u00f3n, se resume el contenido de esta Ley:<\/p>\n<p><!-- primero --><\/p>\n<div class=\"media\">\n<div class=\"media-body\">\n<p><strong>a. Institucionalizaci\u00f3n de la eficiencia energ\u00e9tica<\/strong><\/p>\n<p>El Ministerio de Energ\u00eda elaborar\u00e1 un Plan Nacional de Eficiencia Energ\u00e9tica cada 5 a\u00f1os y se establece que el primer plan deber\u00e1 contemplar una meta de reducci\u00f3n de intensidad energ\u00e9tica de al menos un 10% al 2030 respecto al a\u00f1o 2019. Este primer <a href=\"https:\/\/energia.gob.cl\/sites\/default\/files\/documentos\/plan_nacional_de_eficiencia_energetica_2022-2026.pdf\">Plan 2022 &#8211; 2026<\/a> fue elaborado durante el a\u00f1o 2021 y con un total de 33 medidas se espera reducir la intensidad energ\u00e9tica al 2050 en un 30% con respecto al a\u00f1o 2019, generando un beneficio neto del orden de los 55 <span data-teams=\"true\">mil <\/span>millones de d\u00f3lares.<\/p>\n<\/div>\n<p><img decoding=\"async\" class=\"align-self-center ml-3\" src=\"https:\/\/sectorpublico.gestionaenergia.cl\/wp-content\/uploads\/2022\/09\/Imagen1-1.png\" alt=\"Generic placeholder image\" width=\"150px\" \/><\/p>\n<\/div>\n<p><!-- segundo --><\/p>\n<div class=\"media\">\n<div class=\"media-body\">\n<p><strong>b. Gesti\u00f3n energ\u00e9tica de grandes consumidores<\/strong><\/p>\n<ul class=\"list-group list-group-flush\">\n<li class=\"list-group-item\">Los grandes consumidores de energ\u00eda, que representan m\u00e1s de un tercio de la energ\u00eda consumida en el pa\u00eds, deben realizar una gesti\u00f3n activa de \u00e9sta.<\/li>\n<li class=\"list-group-item\">Para esto, el Ministerio determinar\u00e1 los Consumidores con Capacidad de Gesti\u00f3n de Energ\u00eda, quienes deber\u00e1n implementar un sistema de gesti\u00f3n de la energ\u00eda (SGE).<\/li>\n<li class=\"list-group-item\">Adicionalmente, deber\u00e1n informar anualmente los consumos de energ\u00eda y otros indicadores, con los que el Ministerio elaborar\u00e1 anualmente un reporte p\u00fablico.<\/li>\n<li class=\"list-group-item\">La SEC ser\u00e1 la encargada de la fiscalizaci\u00f3n y sanci\u00f3n.<\/li>\n<\/ul>\n<\/div>\n<p><img decoding=\"async\" class=\"align-self-center ml-3\" src=\"https:\/\/sectorpublico.gestionaenergia.cl\/wp-content\/uploads\/2022\/09\/Imagen2.png\" alt=\"Generic placeholder image\" width=\"150px\" \/><\/p>\n<\/div>\n<p><!-- tercero --><\/p>\n<div class=\"media\">\n<div class=\"media-body\">\n<p><strong>c. Calificaci\u00f3n energ\u00e9tica de edificaciones<\/strong><\/p>\n<ul class=\"list-group list-group-flush\">\n<li class=\"list-group-item\">Las viviendas consumen casi un 15% de la energ\u00eda total del pa\u00eds, y parte importante de \u00e9sta se destina a calefacci\u00f3n. (Fuente: Balance Nacional de Energ\u00eda, Ministerio de Energ\u00eda)<\/li>\n<li class=\"list-group-item\">La cantidad de energ\u00eda destinada a calefaccionar un hogar o edificio depende en gran medida de la aislaci\u00f3n t\u00e9rmica de \u00e9stos.<\/li>\n<li class=\"list-group-item\">El proyecto de ley establece que las edificaciones (viviendas y edificios), deber\u00e1n contar con una Calificaci\u00f3n Energ\u00e9tica (Etiquetado) para obtener la recepci\u00f3n final o definitiva.<\/li>\n<\/ul>\n<\/div>\n<p><img decoding=\"async\" class=\"align-self-center ml-3\" src=\"https:\/\/sectorpublico.gestionaenergia.cl\/wp-content\/uploads\/2022\/09\/Imagen3.png\" alt=\"Generic placeholder image\" width=\"150px\" \/><\/p>\n<\/div>\n<p><!-- cuarto --><\/p>\n<div class=\"media\">\n<div class=\"media-body\">\n<p><strong>d. Est\u00e1ndares de eficiencia para veh\u00edculos<\/strong><\/p>\n<ul class=\"list-group list-group-flush\">\n<li class=\"list-group-item\">El Proyecto busca promover la renovaci\u00f3n del parque con veh\u00edculos m\u00e1s eficientes, con \u00e9nfasis en aquellos de propulsi\u00f3n el\u00e9ctrica.<\/li>\n<li class=\"list-group-item\">El proyecto de ley mandata la fijaci\u00f3n de est\u00e1ndares de eficiencia energ\u00e9tica para el parque de veh\u00edculos nuevos. Los responsables del cumplimiento son los importadores y representantes de cada marca de veh\u00edculos comercializados en Chile.<\/li>\n<li class=\"list-group-item\">La medici\u00f3n ser\u00e1\u0301 en kil\u00f3metros por litros de gasolina equivalente y se informar\u00e1 su equivalencia en gramos de CO2 por kil\u00f3metro, de acuerdo a homologaci\u00f3n o certificaci\u00f3n de \u00e9stos.<\/li>\n<li class=\"list-group-item\">Adem\u00e1s, genera incentivo adicional a veh\u00edculos el\u00e9ctricos puros, h\u00edbridos enchufables y cero emisiones al poder contarlos hasta 3 veces para cumplir el est\u00e1ndar.<\/li>\n<\/ul>\n<\/div>\n<p><img decoding=\"async\" class=\"align-self-center ml-3\" src=\"https:\/\/sectorpublico.gestionaenergia.cl\/wp-content\/uploads\/2022\/09\/Imagen4.png\" alt=\"Generic placeholder image\" width=\"150px\" \/><\/p>\n<\/div>\n<p><!-- cuarto --><\/p>\n<div class=\"media\">\n<div class=\"media-body\">\n<p><strong>e. Gesti\u00f3n de Energ\u00eda en el Sector P\u00fablico<\/strong><\/p>\n<p>El proyecto de ley establece obligaciones para los organismos del Estado para el buen uso de la energ\u00eda. El Ministerio de Energ\u00eda elaborar\u00e1 anualmente informes a partir de la informaci\u00f3n recibida.<\/p>\n<\/div>\n<p><img decoding=\"async\" class=\"align-self-center ml-3\" src=\"https:\/\/sectorpublico.gestionaenergia.cl\/wp-content\/uploads\/2022\/09\/Imagen5.png\" alt=\"Generic placeholder image\" width=\"150px\" \/><\/p>\n<\/div>\n<p><!-- quinto --><\/p>\n<div class=\"media\">\n<div class=\"media-body\">\n<p><strong>f. Interoperabilidad para veh\u00edculos el\u00e9ctricos<\/strong><\/p>\n<p>Se da facultades al Ministerio de Energ\u00eda para normar la interoperabilidad del sistema de recarga de veh\u00edculos el\u00e9ctricos. Esto con la finalidad de facilitar el acceso y conexi\u00f3n de veh\u00edculos el\u00e9ctricos a la red de carga, permitiendo un desarrollo arm\u00f3nico, que asegure el libre acceso a los cargadores p\u00fablicos.<\/p>\n<\/div>\n<p><img decoding=\"async\" class=\"align-self-center ml-3\" src=\"https:\/\/sectorpublico.gestionaenergia.cl\/wp-content\/uploads\/2022\/09\/Imagen6.png\" alt=\"Generic placeholder image\" width=\"150px\" \/><\/p>\n<\/div>\n<p><!-- sexto --><\/p>\n<div class=\"media\">\n<div class=\"media-body\">\n<p><strong>g. Depreciaci\u00f3n acelerada para veh\u00edculos el\u00e9ctricos<\/strong><\/p>\n<p>Se faculta al SII para establecer que veh\u00edculos el\u00e9ctricos puros, h\u00edbridos enchufables y cero emisiones de empresas puedan tener depreciaci\u00f3n acelerada por un periodo de diez a\u00f1os siguientes a la entrada en vigencia de la ley.<\/p>\n<\/div>\n<p><img decoding=\"async\" class=\"align-self-center ml-3\" src=\"https:\/\/sectorpublico.gestionaenergia.cl\/wp-content\/uploads\/2022\/09\/Imagen7.png\" alt=\"Generic placeholder image\" width=\"150px\" \/><\/p>\n<\/div>\n<p><!-- septimo --><\/p>\n<div class=\"media\">\n<div class=\"media-body\">\n<p><strong>h. Normativa hidr\u00f3geno<\/strong><\/p>\n<p>Se declara al hidr\u00f3geno, expresamente, como combustible y entrega atribuciones del Ministerio de Energ\u00eda para normarlo y darle tratamiento de recurso energ\u00e9tico.<\/p>\n<\/div>\n<p><img decoding=\"async\" class=\"align-self-center ml-3\" src=\"https:\/\/sectorpublico.gestionaenergia.cl\/wp-content\/uploads\/2022\/09\/Imagen8.png\" alt=\"Generic placeholder image\" width=\"150px\" \/><\/p>\n<\/div>\n<\/div>\n<\/div>\n<\/div>\n<table style=\"width: 100%;\" border=\"0\" cellspacing=\"1\" cellpadding=\"1\">\n<tbody>\n<tr><!--\n\n\n<h3><span>Auditoria de comprobaci\u00f3n<\/span><\/h3>\n\n\n--><\/tr>\n<\/tbody>\n<\/table>\n<\/div>\n<\/div>\n<\/div>\n<\/div>\n<\/div>\n<\/div>\n<\/div>\n<\/div>\n<\/div>\n<p><!-- Parte dos --><\/p>\n<div class=\"leyParteDos\">\n<div class=\"container-fluid\">\n<div class=\"row\">\n<div class=\"col-md-12\">\n<div id=\"accordion\" class=\"panel-group\">\n<div class=\"panel panel-default\">\n<div class=\"panel-heading\">\n<h4 class=\"panel-title\"><strong><a href=\"#collapse2\" data-parent=\"#accordion\" data-toggle=\"collapse\">2. Reglamento Ley 21.305 \u2013 Decreto N\u00b028 de 2021, Ministerio de Energ\u00eda<\/a><\/strong><\/h4>\n<div id=\"collapse2\" class=\"panel-collapse collapse\">\n<div class=\"panel-body\">\n<div class=\"container-fluid\">\n<div class=\"row\">\n<div class=\"col-md-12\">\n<p>El 13 de septiembre de 2022 fue publicado en el diario oficial, el Decreto Supremo N\u00b0 28 de 2021, del Ministerio de Energ\u00eda, que aprueba reglamento sobre gesti\u00f3n energ\u00e9tica de los <a href=\"https:\/\/energia.gob.cl\/panel\/grandes-empresas\">consumidores con capacidades de gesti\u00f3n de energ\u00eda<\/a> y de los organismos p\u00fablicos en sus art\u00edculos 7 y 8, a que se refieren los art\u00edculos 2\u00b0 y 5\u00b0 de la Ley 21.305, cuerpo legal que promueve el uso racional y eficiente de los recursos energ\u00e9ticos.<\/p>\n<p class=\"bg-info text-white\">El objetivo de esta ley en el sector p\u00fablico es extender a todas las instituciones p\u00fablicas, el trabajo que se ha venido realizando con los servicios adheridos al Indicador de Eficiencia Energ\u00e9tica del PMG y a trav\u00e9s de la plataforma Gestiona Energ\u00eda, en lo que se refiere a la capacitaci\u00f3n de gestores energ\u00e9ticos, al reporte de consumo de energ\u00eda y a la identificaci\u00f3n y caracterizaci\u00f3n de inmuebles, todo con miras a la identificaci\u00f3n e implementaci\u00f3n de medidas de eficiencia energ\u00e9tica\/ energ\u00eda renovable.<\/p>\n<p>El reglamento establece dos l\u00edneas de trabajo para las instituciones p\u00fablicas:<\/p>\n<h4>Art\u00edculo 7: Declaraci\u00f3n de informaci\u00f3n de caracterizaci\u00f3n inmuebles y consumo de energ\u00eda.<\/h4>\n<p>El medio electr\u00f3nico para cargar la informaci\u00f3n requerida en este art\u00edculo es la <a href=\"https:\/\/gestionaenergia.minenergia.cl\/Account\/Login?ReturnUrl=%2FHome\"><strong>Plataforma de Consumo<\/strong><\/a><strong> Gestiona de Energ\u00eda Sector P\u00fablico<\/strong> (la misma que se usa para cumplir con el Sistema Estado Verde del PMG).<\/p>\n<p>Para la revisi\u00f3n de la operaci\u00f3n de la plataforma se puede consultar el <a href=\"https:\/\/sectorpublico.gestionaenergia.cl\/wp-content\/uploads\/2019\/04\/Manual-Gestiona-Final.pdf\">Manual de usuario<\/a> y para la creaci\u00f3n de una cuenta de usuario se debe solicitar al <a href=\"http:\/\/soporte.gestionaenergia.cl\/open.php\">sistema de ticket<\/a>, seleccionando tema de ayuda \u201cNuevo Gestor Energ\u00e9tico\u201d.<\/p>\n<p>En lo que respecta a la declaraci\u00f3n de informaci\u00f3n de caracterizaci\u00f3n de los inmuebles utilizados, para su cumplimiento deber\u00e1 registrarse la informaci\u00f3n del sub m\u00f3dulo \u201cInformaci\u00f3n General\u201d del m\u00f3dulo \u201cMi Unidad\u201d.<\/p>\n<p>En relaci\u00f3n al reporte de consumo de energ\u00eda, deber\u00e1n reportar consumo energ\u00e9tico de <u>todas las fuentes energ\u00e9ticas <\/u>(adem\u00e1s de electricidad y gas de red), de aquellas unidades en alguna de las siguientes condiciones:<\/p>\n<ul class=\"list-group list-group-flush\">\n<li class=\"list-group-item\">Superficie construida mayor o igual a 500 m2<\/li>\n<li class=\"list-group-item\">Carga de ocupaci\u00f3n menor a 10 metros cuadrados por persona<\/li>\n<li class=\"list-group-item\">Unidades que correspondan establecimientos de salud<\/li>\n<li class=\"list-group-item\">Unidades que correspondan a laboratorios cl\u00ednicos<\/li>\n<\/ul>\n<p>Notas importantes:<\/p>\n<ol class=\"d\">\n<li class=\"list-group-item\">Al igual que para el cumplimiento del Indicador de Eficiencia Energ\u00e9tica, quedan exceptuadas de reportar consumo aquellas unidades que comparten medidor o que no tengan acceso a la informaci\u00f3n de facturaci\u00f3n.<\/li>\n<li class=\"list-group-item\"><span data-teams=\"true\">El per\u00edodo de reporte para el cumplimiento de la ley, comprende el per\u00edodo entre el mes de noviembre del segundo a\u00f1o anterior y el mes de octubre del a\u00f1o inmediatamente anterior. Por ejemplo, para el a\u00f1o 2026, el per\u00edodo de reporte comprende 1\u00b0 de noviembre 2024 a 31 octubre 2025.<\/span><\/li>\n<\/ol>\n<p><span data-teams=\"true\">Con respecto al plazo de esta obligaci\u00f3n, a m\u00e1s tardar el d\u00eda\u00a0<strong>27 de febrero de cada a\u00f1o<\/strong>, las instituciones p\u00fablicas deber\u00e1n dar cumplimiento a las obligaciones de la ley 21.305, en lo que se refiere a este art\u00edculo.<\/span><\/p>\n<h4>Art\u00edculo 8: Designaci\u00f3n de Gestores Energ\u00e9ticos y capacitaci\u00f3n.<\/h4>\n<p>En lo que respecta a la designaci\u00f3n de gestores energ\u00e9ticos ser\u00e1 necesario que la designaci\u00f3n se haga v\u00eda oficio dirigido al Subsecretario de Energ\u00eda (de acuerdo al siguiente <u><a href=\"https:\/\/sectorpublico.gestionaenergia.cl\/wp-content\/uploads\/2023\/06\/Oficio-tipo-Designacion-de-Gestores-Energeticos-Publicos_.docx\" target=\"_blank\" rel=\"noopener\">oficio tipo<\/a>).<\/u><\/p>\n<p>El plan de capacitaci\u00f3n y sensibilizaci\u00f3n del ministerio de energ\u00eda corresponde al curso de capacitaci\u00f3n de gesti\u00f3n de energ\u00eda en edificios p\u00fablicos, disponible en la <a class=\"fui-Link ___1qmgydl f3rmtva f1ewtqcl fyind8e f1k6fduh f1w7gpdv fk6fouc fjoy568 figsok6 f1hu3pq6 f11qmguv f19f4twv f1tyq0we f1g0x7ka fhxju0i f1qch9an f1cnd47f fqv5qza f1vmzxwi f1o700av f13mvf36 f1cmlufx f9n3di6 f1ids18y f1tx3yz7 f1deo86v f1eh06m1 f1iescvh ftqa4ok f2hkw1w fhgqx19 f1olyrje f1p93eir f1h8hb77 f1x7u7e9 f10aw75t fsle3fq\" title=\"https:\/\/aula.gestionaenergia.cl\/login\/index.php\" href=\"https:\/\/aula.gestionaenergia.cl\/login\/index.php\" target=\"_blank\" rel=\"noreferrer noopener\" aria-label=\"V\u00ednculo plataforma de Capacitaci\u00f3n\">plataforma de Capacitaci\u00f3n<\/a>. Seg\u00fan reglamento cada gestor podr\u00e1 aprobar este curso, aprobando el examen que valida sus conocimientos adquiridos, a m\u00e1s tardar <strong>6 meses<\/strong> luego de su designaci\u00f3n.<\/p>\n<p><span data-teams=\"true\">Con respecto al plazo de esta obligaci\u00f3n, a m\u00e1s tardar el d\u00eda\u00a0<strong>27 de junio de cada a\u00f1o<\/strong>, las instituciones p\u00fablicas deber\u00e1n dar cumplimiento a las obligaciones de la ley 21.305, en lo que se refiere a este art\u00edculo.<\/span><\/p>\n<p><strong>Gradualidad de Incorporaci\u00f3n de las Instituciones P\u00fablicas a Ley 21.305<\/strong><\/p>\n<p>Las instituciones p\u00fablicas ir\u00e1n incorpor\u00e1ndose gradualmente a las obligaciones que establece esta ley, de acuerdo al siguiente calendario:<\/p>\n<ol class=\"d\">\n<li class=\"list-group-item\">Enero 2023, se suman todos los servicios adheridos al Indicador de Eficiencia Energ\u00e9tica 2022.<\/li>\n<li class=\"list-group-item\">Enero 2024, se suman las entidades clasificadas como centralizadas<\/li>\n<li class=\"list-group-item\">Enero 2025, se suman las entidades clasificadas como descentralizadas (sin municipios)<\/li>\n<li class=\"list-group-item\">Enero 2026, se suman los municipios<\/li>\n<\/ol>\n<p>Ver detalle en archivo: <a href=\"https:\/\/sectorpublico.gestionaenergia.cl\/wp-content\/uploads\/2022\/09\/Gradualidad_Instituciones_Publicas_Ley21305.xlsx\" target=\"_blank\" rel=\"noopener\">Gradualidad_Instituciones_P\u00fablicas_Ley21305<\/a><\/p>\n<\/div>\n<p><span class=\"ui-provider fz b c d e f g h i j k l m n o p q r s t u v w x y z ab ac ae af ag ah ai aj ak\" dir=\"ltr\">De acuerdo al art\u00edculo 58 del reglamento, a m\u00e1s tardar el 30 de junio de cada a\u00f1o, el ministerio de energ\u00eda publicar\u00e1 un reporte p\u00fablico con los resultados de la aplicaci\u00f3n a instituciones p\u00fablicas, de las obligaciones contenidas en el art\u00edculo 5 de la ley y detalladas en el presente reglamento.<\/span><\/p>\n<p><a href=\"https:\/\/sectorpublico.gestionaenergia.cl\/wp-content\/uploads\/2025\/07\/Resultados-Ley-EE-S.-Publico-Art-5_2024.pdf\" target=\"_blank\" rel=\"noopener\">Descarga Reporte de resultados ley 21.305 art\u00edculo 5\u00b0 &#8211; A\u00f1o 2024<\/a><\/p>\n<p><a href=\"https:\/\/sectorpublico.gestionaenergia.cl\/wp-content\/uploads\/2025\/07\/BBDD_LeyEE-ART5_2024.xlsx\" target=\"_blank\" rel=\"noopener\">Descarga base de datos del Reporte de resultados ley 21.305 del art\u00edculo 5\u00b0 &#8211; A\u00f1o 2024<\/a><\/p>\n<p><a href=\"https:\/\/sectorpublico.gestionaenergia.cl\/wp-content\/uploads\/2024\/06\/Resultados-Ley-EE-S.-Publico-Art-5_2023.pdf\" target=\"_blank\" rel=\"noopener\">Descarga Reporte de resultados ley 21.305 art\u00edculo 5\u00b0 &#8211; A\u00f1o 2023<\/a><\/p>\n<p><a href=\"https:\/\/sectorpublico.gestionaenergia.cl\/wp-content\/uploads\/2024\/06\/BBDD_LeyEE-ART5_2023.xlsx\" target=\"_blank\" rel=\"noopener\">Descarga base de datos del Reporte de resultados ley 21.305 del art\u00edculo 5\u00b0 &#8211; A\u00f1o 2023<\/a><\/p>\n<p><a href=\"https:\/\/sectorpublico.gestionaenergia.cl\/wp-content\/uploads\/2023\/07\/BBDD_LeyEE-ART5.xlsx\" target=\"_blank\" rel=\"noopener\"><span class=\"ui-provider fz b c d e f g h i j k l m n o p q r s t u v w x y z ab ac ae af ag ah ai aj ak\" dir=\"ltr\">Descargue la base de datos del Reporte p\u00fablico de resultados de la Ley 21.305 art\u00edculo 5\u00b0. &#8211; A\u00f1o 2022<\/span><\/a><\/p>\n<p><a href=\"https:\/\/sectorpublico.gestionaenergia.cl\/wp-content\/uploads\/2024\/06\/Resultados-Ley-EE-S.-Publico-Art-5.pdf\" target=\"_blank\" rel=\"noopener\">Descarga Reporte de resultados ley 21.305 del art\u00edculo 5\u00b0 &#8211; A\u00f1o 2022<\/a><\/p>\n<p><a href=\"https:\/\/sectorpublico.gestionaenergia.cl\/wp-content\/uploads\/2023\/11\/Evaluacion_designacion_Gestores_2023.xlsx\" target=\"_blank\" rel=\"noopener\">Descarga ac\u00e1 la evaluaci\u00f3n de designaci\u00f3n de gestores energ\u00e9ticos 2023<\/a><\/p>\n<p><a href=\"https:\/\/sectorpublico.gestionaenergia.cl\/wp-content\/uploads\/2025\/01\/Evaluacion_designacion_Gestores_2024.xlsx\" target=\"_blank\" rel=\"noopener\">Descarga ac\u00e1 la evaluaci\u00f3n de designaci\u00f3n de gestores energ\u00e9ticos 2024<\/a><\/p>\n<p><a href=\"https:\/\/sectorpublico.gestionaenergia.cl\/wp-content\/uploads\/2026\/01\/Evaluacion_designacion_Gestores_2025.xlsx\" target=\"_blank\" rel=\"noopener\">Descarga ac\u00e1 la evaluaci\u00f3n de designaci\u00f3n de gestores energ\u00e9ticos 2025<\/a><\/p>\n<\/div>\n<\/div>\n<table style=\"width: 100%;\" border=\"0\" cellspacing=\"1\" cellpadding=\"1\">\n<tbody>\n<tr><!--\n\n\n<h3><span>Auditoria de comprobaci\u00f3n<\/span><\/h3>\n\n\n--><\/tr>\n<\/tbody>\n<\/table>\n<\/div>\n<\/div>\n<\/div>\n<\/div>\n<\/div>\n<\/div>\n<\/div>\n<\/div>\n<\/div>\n<p><!-- Banners --><\/p>\n<div class=\"container\">\n<div class=\"row\">\n<div class=\"col-md-3 col-sm-12\"><a href=\"https:\/\/sectorpublico.gestionaenergia.cl\/wp-content\/uploads\/2022\/09\/Ley-21.305-EE.pdf\" target=\"_blank\" rel=\"noopener\"><br \/>\n<img decoding=\"async\" class=\"img-fluid\" style=\"float: left; width: 80%; margin-left: 0px; margin-bottom: 20px;\" src=\"https:\/\/sectorpublico.gestionaenergia.cl\/wp-content\/uploads\/2022\/09\/ley_21305.png\" alt=\"Responsive image\" \/><br \/>\n<\/a><\/div>\n<div class=\"col-md-3 col-sm-12\"><a href=\"https:\/\/sectorpublico.gestionaenergia.cl\/wp-content\/uploads\/2022\/09\/DTO.-28-2021-ENERGIA.pdf\" target=\"_blank\" rel=\"noopener\"><br \/>\n<img decoding=\"async\" class=\"img-fluid\" style=\"float: left; width: 80%; margin-left: 0px; margin-bottom: 20px;\" src=\"https:\/\/sectorpublico.gestionaenergia.cl\/wp-content\/uploads\/2022\/09\/reglamento_ley.png\" alt=\"Responsive image\" \/><br \/>\n<\/a><\/div>\n<div class=\"col-md-3 col-sm-12\"><a href=\"https:\/\/sectorpublico.gestionaenergia.cl\/wp-content\/uploads\/2022\/09\/Gradualidad_Instituciones_Publicas_Ley21305.xlsx\" target=\"_blank\" rel=\"noopener\"><br \/>\n<img decoding=\"async\" class=\"img-fluid\" style=\"float: left; width: 80%; margin-left: 0px; margin-bottom: 20px;\" src=\"https:\/\/sectorpublico.gestionaenergia.cl\/wp-content\/uploads\/2022\/09\/gradualidad-servicios-publicos_ley21305.png\" alt=\"Responsive image\" \/><br \/>\n<\/a><\/div>\n<div class=\"col-md-3 col-sm-12\"><a href=\"https:\/\/sectorpublico.gestionaenergia.cl\/wp-content\/uploads\/2022\/09\/20220922_Ley-EE_ART5.pptx\" target=\"_blank\" rel=\"noopener\"><br \/>\n<img decoding=\"async\" class=\"img-fluid\" style=\"float: left; width: 80%; margin-left: 0px; margin-bottom: 20px;\" src=\"https:\/\/sectorpublico.gestionaenergia.cl\/wp-content\/uploads\/2022\/09\/banner_ley.png\" alt=\"Responsive image\" \/><br \/>\n<\/a><\/div>\n<\/div>\n<\/div>\n<p><script src=\"https:\/\/code.jquery.com\/jquery-3.3.1.slim.min.js\" integrity=\"sha384-q8i\/X+965DzO0rT7abK41JStQIAqVgRVzpbzo5smXKp4YfRvH+8abtTE1Pi6jizo\" crossorigin=\"anonymous\"><\/script><br \/>\n<script src=\"https:\/\/cdn.jsdelivr.net\/npm\/popper.js@1.14.7\/dist\/umd\/popper.min.js\" integrity=\"sha384-UO2eT0CpHqdSJQ6hJty5KVphtPhzWj9WO1clHTMGa3JDZwrnQq4sF86dIHNDz0W1\" crossorigin=\"anonymous\"><\/script><br \/>\n<script src=\"https:\/\/cdn.jsdelivr.net\/npm\/bootstrap@4.3.1\/dist\/js\/bootstrap.min.js\" integrity=\"sha384-JjSmVgyd0p3pXB1rRibZUAYoIIy6OrQ6VrjIEaFf\/nJGzIxFDsf4x0xIM+B07jRM\" crossorigin=\"anonymous\"><\/script><\/p>\n","protected":false},"excerpt":{"rendered":"<p>1. Acerca de la Ley 21.305 sobre Eficiencia Energ\u00e9tica El d\u00eda 13 de febrero de 2021 se public\u00f3 en el diario oficial la Ley N\u00b0 21.305 sobre Eficiencia Energ\u00e9tica, para la\u00a0 aplicaci\u00f3n de medidas de eficiencia energ\u00e9tica que corresponde a una pol\u00edtica p\u00fablica de gran relevancia para nuestro pa\u00eds, dados los m\u00faltiples beneficios que \u00e9sta [&hellip;]<\/p>\n","protected":false},"author":6,"featured_media":0,"parent":0,"menu_order":0,"comment_status":"closed","ping_status":"closed","template":"page-ley.php","meta":{"footnotes":""},"class_list":["post-6818","page","type-page","status-publish","hentry"],"_links":{"self":[{"href":"https:\/\/sectorpublico.gestionaenergia.cl\/index.php?rest_route=\/wp\/v2\/pages\/6818"}],"collection":[{"href":"https:\/\/sectorpublico.gestionaenergia.cl\/index.php?rest_route=\/wp\/v2\/pages"}],"about":[{"href":"https:\/\/sectorpublico.gestionaenergia.cl\/index.php?rest_route=\/wp\/v2\/types\/page"}],"author":[{"embeddable":true,"href":"https:\/\/sectorpublico.gestionaenergia.cl\/index.php?rest_route=\/wp\/v2\/users\/6"}],"replies":[{"embeddable":true,"href":"https:\/\/sectorpublico.gestionaenergia.cl\/index.php?rest_route=%2Fwp%2Fv2%2Fcomments&post=6818"}],"version-history":[{"count":34,"href":"https:\/\/sectorpublico.gestionaenergia.cl\/index.php?rest_route=\/wp\/v2\/pages\/6818\/revisions"}],"predecessor-version":[{"id":7913,"href":"https:\/\/sectorpublico.gestionaenergia.cl\/index.php?rest_route=\/wp\/v2\/pages\/6818\/revisions\/7913"}],"wp:attachment":[{"href":"https:\/\/sectorpublico.gestionaenergia.cl\/index.php?rest_route=%2Fwp%2Fv2%2Fmedia&parent=6818"}],"curies":[{"name":"wp","href":"https:\/\/api.w.org\/{rel}","templated":true}]}}