{"id":7506,"date":"2024-09-04T13:09:51","date_gmt":"2024-09-04T13:09:51","guid":{"rendered":"https:\/\/sectorpublico.gestionaenergia.cl\/?page_id=7506"},"modified":"2025-01-14T15:48:04","modified_gmt":"2025-01-14T15:48:04","slug":"reporte","status":"publish","type":"page","link":"https:\/\/sectorpublico.gestionaenergia.cl\/?page_id=7506","title":{"rendered":"Centro de Datos"},"content":{"rendered":"\n<p><a href=\"https:\/\/sectorpublico.gestionaenergia.cl\/wp-content\/uploads\/2023\/02\/Resultados-Gestiona-Energia-SP-2022.pdf\" data-type=\"URL\" data-id=\"https:\/\/sectorpublico.gestionaenergia.cl\/wp-content\/uploads\/2022\/02\/Resultados-Gestiona-Energia-SP-2021.pdf\">Descargar el Reporte 2022 Aqu\u00ed<\/a><\/p>\n\n<p><a href=\"https:\/\/sectorpublico.gestionaenergia.cl\/wp-content\/uploads\/2022\/02\/Resultados-Gestiona-Energia-SP-2021.pdf\" data-type=\"URL\" data-id=\"https:\/\/sectorpublico.gestionaenergia.cl\/wp-content\/uploads\/2022\/02\/Resultados-Gestiona-Energia-SP-2021.pdf\">Descargar el Reporte 2021 Aqu\u00ed<\/a><\/p>\n\n<p><a rel=\"noreferrer noopener\" href=\"https:\/\/sectorpublico.gestionaenergia.cl\/wp-content\/uploads\/2021\/09\/Resultados-Gestiona-Energia-SP-2020.pdf\" target=\"_blank\">Descargar el Reporte 2020 Aqu\u00ed<\/a><\/p>\n\n<p><a rel=\"noreferrer noopener\" href=\"https:\/\/sectorpublico.gestionaenergia.cl\/wp-content\/uploads\/2021\/09\/Resultados-Gestiona-Energia-SP-2019_public.pdf\" target=\"_blank\">Descargar el Reporte 2019 Aqu\u00ed<\/a><\/p>\n\n<p><a href=\"https:\/\/sectorpublico.gestionaenergia.cl\/wp-content\/uploads\/2021\/09\/Resultados-Gestiona-Energia-SP-2018.pdf\" target=\"_blank\" rel=\"noreferrer noopener\">Descargar el Reporte 2018 Aqu\u00ed<\/a><\/p>\n","protected":false},"excerpt":{"rendered":"<p>Descargar el Reporte 2022 Aqu\u00ed Descargar el Reporte 2021 Aqu\u00ed Descargar el Reporte 2020 Aqu\u00ed Descargar el Reporte 2019 Aqu\u00ed Descargar el Reporte 2018 Aqu\u00ed<\/p>\n","protected":false},"author":6,"featured_media":0,"parent":0,"menu_order":0,"comment_status":"closed","ping_status":"closed","template":"","meta":{"footnotes":""},"class_list":["post-7506","page","type-page","status-publish","hentry"],"_links":{"self":[{"href":"https:\/\/sectorpublico.gestionaenergia.cl\/index.php?rest_route=\/wp\/v2\/pages\/7506"}],"collection":[{"href":"https:\/\/sectorpublico.gestionaenergia.cl\/index.php?rest_route=\/wp\/v2\/pages"}],"about":[{"href":"https:\/\/sectorpublico.gestionaenergia.cl\/index.php?rest_route=\/wp\/v2\/types\/page"}],"author":[{"embeddable":true,"href":"https:\/\/sectorpublico.gestionaenergia.cl\/index.php?rest_route=\/wp\/v2\/users\/6"}],"replies":[{"embeddable":true,"href":"https:\/\/sectorpublico.gestionaenergia.cl\/index.php?rest_route=%2Fwp%2Fv2%2Fcomments&post=7506"}],"version-history":[{"count":10,"href":"https:\/\/sectorpublico.gestionaenergia.cl\/index.php?rest_route=\/wp\/v2\/pages\/7506\/revisions"}],"predecessor-version":[{"id":7583,"href":"https:\/\/sectorpublico.gestionaenergia.cl\/index.php?rest_route=\/wp\/v2\/pages\/7506\/revisions\/7583"}],"wp:attachment":[{"href":"https:\/\/sectorpublico.gestionaenergia.cl\/index.php?rest_route=%2Fwp%2Fv2%2Fmedia&parent=7506"}],"curies":[{"name":"wp","href":"https:\/\/api.w.org\/{rel}","templated":true}]}}